{"id":5440,"date":"2022-12-09T14:17:37","date_gmt":"2022-12-09T11:17:37","guid":{"rendered":"http:\/\/www.noxtex.com.tr\/en\/?page_id=5440"},"modified":"2022-12-30T16:24:19","modified_gmt":"2022-12-30T13:24:19","slug":"hakkimizda","status":"publish","type":"page","link":"https:\/\/www.noxtex.com.tr\/tr\/hakkimizda\/","title":{"rendered":"Hakk\u0131m\u0131zda"},"content":{"rendered":"<section class=\"wpb-content-wrapper\"><p>[vc_row wrap_container=&#8221;yes&#8221; el_class=&#8221;custom-page-wrapper pt-5 container-lg-custom&#8221;][vc_column][vc_row_inner equal_height=&#8221;yes&#8221; content_placement=&#8221;middle&#8221; el_class=&#8221;align-items-center pt-5 mt-5&#8243; el_id=&#8221;start&#8221;][vc_column_inner el_class=&#8221;position-relative contact-desc pt-5&#8243;]<div class=\"porto-ultimate-content-box-container position-absolute z-index-0 background-text\" data-appear-animation=\"fadeInRight\" data-appear-animation-delay=\"2000\"><style>#porto_ucb_8988{will-change: box-shadow;box-shadow: none;}#porto_ucb_8988:hover{box-shadow:none}<\/style><div class=\"porto-ultimate-content-box has-content-pos justify-content-center\" style=\"\" id=\"porto_ucb_8988\">[vc_custom_heading text=&#8221;NOXTEX&#8221; font_container=&#8221;tag:h2|font_size:9.2rem|text_align:left|color:%23212529|line_height:42px&#8221; use_theme_fonts=&#8221;yes&#8221; font_weight=&#8221;900&#8243; letter_spacing=&#8221;-.05em&#8221; animation_delay=&#8221;&#8221; el_class=&#8221;background-text custom-stroke-text-effect-1 opacity-1 mb-0&#8243;]<\/div><\/div>[vc_custom_heading text=&#8221;Yat\u0131r\u0131mlar\u0131n\u0131z\u0131 Stratejiyle B\u00fcy\u00fct\u00fcn&#8221; font_container=&#8221;tag:h3|font_size:2.75em|text_align:left|color:%23212529|line_height:1.2&#8243; use_theme_fonts=&#8221;yes&#8221; font_weight=&#8221;900&#8243; letter_spacing=&#8221;-.05em&#8221; animation_delay=&#8221;1700&#8243; animation_type=&#8221;fadeInUp&#8221; el_class=&#8221;mb-3&#8243;][vc_single_image image=&#8221;151&#8243; img_size=&#8221;full&#8221; animation_delay=&#8221;1900&#8243; el_class=&#8221;divider-img&#8221; animation_type=&#8221;fadeInUp&#8221; css=&#8221;.vc_custom_1609033851646{margin-bottom: 13px !important;}&#8221;][vc_custom_heading text=&#8221;1975 y\u0131l\u0131nda do\u011fan ve tekstil sekt\u00f6r\u00fcnde ticari ya\u015fam\u0131na ba\u015flayan Noxtex Grubu, d\u00fcnyaca \u00fcnl\u00fc markalar\u0131n lisans sahibi olarak \u00fcretimini ger\u00e7ekle\u015ftirmektedir. Tekstil, Plastik, Perakende, Gayrimenkul ve G\u0131da ba\u015fta olmak \u00fczere \u00e7e\u015fitli sekt\u00f6rlerde b\u00fcy\u00fcyen Grubumuz, ileri teknolojiyle yapt\u0131\u011f\u0131 \u00fcretimini yurt d\u0131\u015f\u0131 pazarlarda sat\u0131\u015fa sunarken yine yurt d\u0131\u015f\u0131nda sahip oldu\u011fu ma\u011fazalar\u0131 ve her ge\u00e7en g\u00fcn b\u00fcy\u00fcyen ihracat\u0131yla geli\u015fim stratejisini s\u00fcrd\u00fcr\u00fclebilir \u015fekilde artt\u0131rmaktad\u0131r.&#8221; font_container=&#8221;tag:p|font_size:1.1em|text_align:left|color:%23777777|line_height:26px&#8221; use_theme_fonts=&#8221;yes&#8221; animation_delay=&#8221;2300&#8243; el_class=&#8221;mb-4&#8243; animation_type=&#8221;fadeInUp&#8221;][\/vc_column_inner][\/vc_row_inner][vc_row_inner el_class=&#8221;.custom-lightbox-wrapper pb-3 mb-4&#8243;][vc_column_inner el_class=&#8221;mb-4 mb-md-0&#8243; width=&#8221;1\/3&#8243;][vc_single_image image=&#8221;4732&#8243; img_size=&#8221;500&#8243; alignment=&#8221;center&#8221; onclick=&#8221;img_link_large&#8221; lightbox=&#8221;yes&#8221; zoom_icon=&#8221;yes&#8221; hover_effect=&#8221;yes&#8221; animation_delay=&#8221;500&#8243; animation_type=&#8221;fadeInDown&#8221; el_class=&#8221;mb-0&#8243;][\/vc_column_inner][vc_column_inner el_class=&#8221;mb-4 mb-md-0&#8243; width=&#8221;1\/3&#8243;][vc_single_image image=&#8221;4734&#8243; img_size=&#8221;500&#8243; alignment=&#8221;center&#8221; onclick=&#8221;img_link_large&#8221; lightbox=&#8221;yes&#8221; zoom_icon=&#8221;yes&#8221; hover_effect=&#8221;yes&#8221; animation_delay=&#8221;250&#8243; animation_type=&#8221;fadeInRight&#8221; el_class=&#8221;mb-0&#8243;][\/vc_column_inner][vc_column_inner width=&#8221;1\/3&#8243;][vc_single_image image=&#8221;4733&#8243; img_size=&#8221;500&#8243; alignment=&#8221;center&#8221; onclick=&#8221;img_link_large&#8221; lightbox=&#8221;yes&#8221; zoom_icon=&#8221;yes&#8221; hover_effect=&#8221;yes&#8221; animation_delay=&#8221;750&#8243; animation_type=&#8221;fadeInLeft&#8221; el_class=&#8221;mb-0&#8243;][\/vc_column_inner][\/vc_row_inner][vc_row_inner disable_element=&#8221;yes&#8221; el_class=&#8221;pb-5 mb-5&#8243;][vc_column_inner][vc_custom_heading text=&#8221;Lorem ipsum dolor sit amet, consectetur adipisicing elit, sed do eiusmod tempor incididunt ut labore et dolore magna aliqua. Ut enim ad minim veniam, quis nostrud exercitation ullamco laboris nisi ut aliquip ex ea commodo consequat.&#8221; font_container=&#8221;tag:p|font_size:1.1em|text_align:left|color:%23777777|line_height:26px&#8221; use_theme_fonts=&#8221;yes&#8221; animation_delay=&#8221;&#8221; el_class=&#8221;mb-4&#8243;][vc_custom_heading text=&#8221;Lorem ipsum dolor sit amet, consectetur adipisicing elit, sed do eiusmod tempor incididunt ut labore et dolore magna aliqua. Ut enim ad minim veniam, quis nostrud exercitation ullamco laboris nisi ut aliquip ex ea commodo consequat. Duis aute irure dolor in reprehenderit in voluptate velit esse cillum dolore eu fugiat nulla pariatur. Excepteur sint occaecat cupidatat non proident, sunt in culpa qui officia deserunt mollit anim id est laborum.&#8221; font_container=&#8221;tag:p|font_size:1.1em|text_align:left|color:%23777777|line_height:26px&#8221; use_theme_fonts=&#8221;yes&#8221; animation_delay=&#8221;&#8221; el_class=&#8221;mb-0&#8243;][\/vc_column_inner][\/vc_row_inner][\/vc_column][\/vc_row][vc_row wrap_container=&#8221;yes&#8221; no_padding=&#8221;yes&#8221; el_class=&#8221;custom-page-wrapper container-lg-custom&#8221;][vc_column][vc_separator style=&#8221;solid&#8221; css=&#8221;.vc_custom_1608416480934{background-color: rgba(0,0,0,0.06) !important;*background-color: rgb(0,0,0) !important;}&#8221; el_class=&#8221;my-0&#8243;][\/vc_column][\/vc_row][vc_row wrap_container=&#8221;yes&#8221; el_class=&#8221;custom-page-wrapper custom-brands-wrapper container-lg-custom py-5 my-3&#8243;][vc_column el_class=&#8221;mb-5 mb-xl-0&#8243; conditional_render=&#8221;%5B%7B%22value_role%22%3A%22administrator%22%7D%5D&#8221;]<div class=\"porto-carousel owl-carousel has-ccols has-ccols-spacing ccols-xl-6 ccols-lg-4 ccols-md-3 ccols-sm-2 ccols-1 stage-margin wpb_custom_70a89e142ccf56dcd4c7bfc4b40db368\" data-plugin-options=\"{&quot;stagePadding&quot;:40,&quot;margin&quot;:10,&quot;autoplay&quot;:&quot;yes&quot;,&quot;mouseDrag&quot;:true,&quot;touchDrag&quot;:true,&quot;autoplayTimeout&quot;:5000,&quot;autoplayHoverPause&quot;:false,&quot;items&quot;:6,&quot;lg&quot;:4,&quot;md&quot;:3,&quot;sm&quot;:2,&quot;xs&quot;:1,&quot;nav&quot;:false,&quot;dots&quot;:false,&quot;animateIn&quot;:&quot;&quot;,&quot;animateOut&quot;:&quot;&quot;,&quot;loop&quot;:false,&quot;center&quot;:false,&quot;video&quot;:false,&quot;lazyLoad&quot;:false,&quot;fullscreen&quot;:false}\">[vc_single_image image=&#8221;5113&#8243; img_size=&#8221;220&#215;86&#8243; alignment=&#8221;center&#8221; css=&#8221;.vc_custom_1663766367799{padding-right: 10px !important;padding-left: 10px !important;}&#8221;][vc_single_image image=&#8221;5118&#8243; img_size=&#8221;220&#215;86&#8243; alignment=&#8221;center&#8221; css=&#8221;.vc_custom_1663766377111{padding-right: 10px !important;padding-left: 10px !important;}&#8221;][vc_single_image image=&#8221;5114&#8243; img_size=&#8221;220&#215;86&#8243; alignment=&#8221;center&#8221; css=&#8221;.vc_custom_1663766385872{padding-right: 10px !important;padding-left: 10px !important;}&#8221;][vc_single_image image=&#8221;5121&#8243; img_size=&#8221;220&#215;86&#8243; alignment=&#8221;center&#8221; css=&#8221;.vc_custom_1663766412490{padding-right: 10px !important;padding-left: 10px !important;}&#8221;][vc_single_image image=&#8221;5117&#8243; img_size=&#8221;220&#215;86&#8243; css=&#8221;.vc_custom_1663766420292{padding-right: 10px !important;padding-left: 10px !important;}&#8221;][vc_single_image image=&#8221;5119&#8243; img_size=&#8221;220&#215;86&#8243; alignment=&#8221;center&#8221; css=&#8221;.vc_custom_1663766428417{padding-right: 10px !important;padding-left: 10px !important;}&#8221;][vc_single_image image=&#8221;5115&#8243; img_size=&#8221;220&#215;86&#8243; alignment=&#8221;center&#8221; css=&#8221;.vc_custom_1663766439671{padding-right: 10px !important;padding-left: 10px !important;}&#8221;][vc_single_image image=&#8221;5116&#8243; img_size=&#8221;220&#215;86&#8243; alignment=&#8221;center&#8221; css=&#8221;.vc_custom_1663766481666{padding-right: 10px !important;padding-left: 10px !important;}&#8221;][vc_single_image image=&#8221;5120&#8243; img_size=&#8221;220&#215;86&#8243; alignment=&#8221;center&#8221; css=&#8221;.vc_custom_1663766549402{padding-right: 10px !important;padding-left: 10px !important;}&#8221;][vc_single_image image=&#8221;5239&#8243; img_size=&#8221;220&#215;86&#8243; alignment=&#8221;center&#8221; css=&#8221;.vc_custom_1664785945557{padding-right: 10px !important;padding-left: 10px !important;}&#8221;][vc_single_image image=&#8221;5391&#8243; img_size=&#8221;220&#215;86&#8243; alignment=&#8221;center&#8221; css=&#8221;.vc_custom_1666208989829{padding-right: 10px !important;padding-left: 10px !important;}&#8221;]<\/div>[\/vc_column][\/vc_row][vc_row el_class=&#8221;custom-background-wrapper&#8221; css=&#8221;.vc_custom_1608585995647{margin-top: 50px !important;}&#8221;][vc_column el_class=&#8221;position-relative&#8221;][vc_single_image image=&#8221;4677&#8243; img_size=&#8221;full&#8221; animation_delay=&#8221;150&#8243; el_class=&#8221;position-absolute bottom-0 left-0 mb-0&#8243; css=&#8221;.vc_custom_1608586236099{background-color: #ffffff !important;}&#8221; animation_type=&#8221;fadeIn&#8221;][\/vc_column][\/vc_row]<\/p>\n<\/section>","protected":false},"excerpt":{"rendered":"<p>[vc_row wrap_container=&#8221;yes&#8221; el_class=&#8221;custom-page-wrapper pt-5 container-lg-custom&#8221;][vc_column][vc_row_inner equal_height=&#8221;yes&#8221; content_placement=&#8221;middle&#8221; el_class=&#8221;align-items-center pt-5 mt-5&#8243; el_id=&#8221;start&#8221;][vc_column_inner el_class=&#8221;position-relative contact-desc pt-5&#8243;][vc_custom_heading text=&#8221;Yat\u0131r\u0131mlar\u0131n\u0131z\u0131 Stratejiyle B\u00fcy\u00fct\u00fcn&#8221; font_container=&#8221;tag:h3|font_size:2.75em|text_align:left|color:%23212529|line_height:1.2&#8243; use_theme_fonts=&#8221;yes&#8221; font_weight=&#8221;900&#8243; letter_spacing=&#8221;-.05em&#8221; animation_delay=&#8221;1700&#8243; animation_type=&#8221;fadeInUp&#8221; el_class=&#8221;mb-3&#8243;][vc_single_image image=&#8221;151&#8243; img_size=&#8221;full&#8221; animation_delay=&#8221;1900&#8243; el_class=&#8221;divider-img&#8221; animation_type=&#8221;fadeInUp&#8221; css=&#8221;.vc_custom_1609033851646{margin-bottom: 13px !important;}&#8221;][vc_custom_heading text=&#8221;1975 y\u0131l\u0131nda do\u011fan ve tekstil sekt\u00f6r\u00fcnde ticari ya\u015fam\u0131na ba\u015flayan Noxtex Grubu, d\u00fcnyaca \u00fcnl\u00fc markalar\u0131n lisans sahibi olarak \u00fcretimini ger\u00e7ekle\u015ftirmektedir. Tekstil, Plastik, Perakende, Gayrimenkul [&hellip;]<\/p>\n","protected":false},"author":1,"featured_media":0,"parent":0,"menu_order":0,"comment_status":"closed","ping_status":"closed","template":"","meta":{"content-type":"","footnotes":""},"class_list":["post-5440","page","type-page","status-publish","hentry"],"yoast_head":"<!-- This site is optimized with the Yoast SEO plugin v19.11 - https:\/\/yoast.com\/wordpress\/plugins\/seo\/ -->\n<title>Hakk\u0131m\u0131zda - NOXTEX \u0130\u00e7 D\u0131\u015f Tic. A.\u015e.<\/title>\n<meta name=\"robots\" content=\"index, follow, max-snippet:-1, max-image-preview:large, max-video-preview:-1\" \/>\n<link rel=\"canonical\" href=\"https:\/\/www.noxtex.com.tr\/tr\/hakkimizda\/\" \/>\n<meta property=\"og:locale\" content=\"tr_TR\" \/>\n<meta property=\"og:type\" content=\"article\" \/>\n<meta property=\"og:title\" content=\"Hakk\u0131m\u0131zda - NOXTEX \u0130\u00e7 D\u0131\u015f Tic. A.\u015e.\" \/>\n<meta property=\"og:description\" content=\"[vc_row wrap_container=&#8221;yes&#8221; el_class=&#8221;custom-page-wrapper pt-5 container-lg-custom&#8221;][vc_column][vc_row_inner equal_height=&#8221;yes&#8221; content_placement=&#8221;middle&#8221; el_class=&#8221;align-items-center pt-5 mt-5&#8243; el_id=&#8221;start&#8221;][vc_column_inner el_class=&#8221;position-relative contact-desc pt-5&#8243;][vc_custom_heading text=&#8221;Yat\u0131r\u0131mlar\u0131n\u0131z\u0131 Stratejiyle B\u00fcy\u00fct\u00fcn&#8221; font_container=&#8221;tag:h3|font_size:2.75em|text_align:left|color:%23212529|line_height:1.2&#8243; use_theme_fonts=&#8221;yes&#8221; font_weight=&#8221;900&#8243; letter_spacing=&#8221;-.05em&#8221; animation_delay=&#8221;1700&#8243; animation_type=&#8221;fadeInUp&#8221; el_class=&#8221;mb-3&#8243;][vc_single_image image=&#8221;151&#8243; img_size=&#8221;full&#8221; animation_delay=&#8221;1900&#8243; el_class=&#8221;divider-img&#8221; animation_type=&#8221;fadeInUp&#8221; css=&#8221;.vc_custom_1609033851646{margin-bottom: 13px !important;}&#8221;][vc_custom_heading text=&#8221;1975 y\u0131l\u0131nda do\u011fan ve tekstil sekt\u00f6r\u00fcnde ticari ya\u015fam\u0131na ba\u015flayan Noxtex Grubu, d\u00fcnyaca \u00fcnl\u00fc markalar\u0131n lisans sahibi olarak \u00fcretimini ger\u00e7ekle\u015ftirmektedir. Tekstil, Plastik, Perakende, Gayrimenkul [&hellip;]\" \/>\n<meta property=\"og:url\" content=\"https:\/\/www.noxtex.com.tr\/tr\/hakkimizda\/\" \/>\n<meta property=\"og:site_name\" content=\"NOXTEX \u0130\u00e7 D\u0131\u015f Tic. A.\u015e.\" \/>\n<meta property=\"article:modified_time\" content=\"2022-12-30T13:24:19+00:00\" \/>\n<meta name=\"twitter:card\" content=\"summary_large_image\" \/>\n<meta name=\"twitter:label1\" content=\"Tahmini okuma s\u00fcresi\" \/>\n\t<meta name=\"twitter:data1\" content=\"3 dakika\" \/>\n<script type=\"application\/ld+json\" class=\"yoast-schema-graph\">{\"@context\":\"https:\/\/schema.org\",\"@graph\":[{\"@type\":\"WebPage\",\"@id\":\"https:\/\/www.noxtex.com.tr\/tr\/hakkimizda\/\",\"url\":\"https:\/\/www.noxtex.com.tr\/tr\/hakkimizda\/\",\"name\":\"Hakk\u0131m\u0131zda - NOXTEX \u0130\u00e7 D\u0131\u015f Tic. A.\u015e.\",\"isPartOf\":{\"@id\":\"https:\/\/www.noxtex.com.tr\/tr\/#website\"},\"datePublished\":\"2022-12-09T11:17:37+00:00\",\"dateModified\":\"2022-12-30T13:24:19+00:00\",\"breadcrumb\":{\"@id\":\"https:\/\/www.noxtex.com.tr\/tr\/hakkimizda\/#breadcrumb\"},\"inLanguage\":\"tr\",\"potentialAction\":[{\"@type\":\"ReadAction\",\"target\":[\"https:\/\/www.noxtex.com.tr\/tr\/hakkimizda\/\"]}]},{\"@type\":\"BreadcrumbList\",\"@id\":\"https:\/\/www.noxtex.com.tr\/tr\/hakkimizda\/#breadcrumb\",\"itemListElement\":[{\"@type\":\"ListItem\",\"position\":1,\"name\":\"Anasayfa\",\"item\":\"https:\/\/www.noxtex.com.tr\/tr\/\"},{\"@type\":\"ListItem\",\"position\":2,\"name\":\"Hakk\u0131m\u0131zda\"}]},{\"@type\":\"WebSite\",\"@id\":\"https:\/\/www.noxtex.com.tr\/tr\/#website\",\"url\":\"https:\/\/www.noxtex.com.tr\/tr\/\",\"name\":\"NOXTEX \u0130\u00e7 D\u0131\u015f Tic. A.\u015e.\",\"description\":\"\",\"publisher\":{\"@id\":\"https:\/\/www.noxtex.com.tr\/tr\/#organization\"},\"potentialAction\":[{\"@type\":\"SearchAction\",\"target\":{\"@type\":\"EntryPoint\",\"urlTemplate\":\"https:\/\/www.noxtex.com.tr\/tr\/?s={search_term_string}\"},\"query-input\":\"required name=search_term_string\"}],\"inLanguage\":\"tr\"},{\"@type\":\"Organization\",\"@id\":\"https:\/\/www.noxtex.com.tr\/tr\/#organization\",\"name\":\"Noxtex Group D\u0131\u015f Ticaret\",\"url\":\"https:\/\/www.noxtex.com.tr\/tr\/\",\"logo\":{\"@type\":\"ImageObject\",\"inLanguage\":\"tr\",\"@id\":\"https:\/\/www.noxtex.com.tr\/tr\/#\/schema\/logo\/image\/\",\"url\":\"http:\/\/www.noxtex.com.tr\/wp-content\/uploads\/2022\/09\/noxtext_logo.png\",\"contentUrl\":\"http:\/\/www.noxtex.com.tr\/wp-content\/uploads\/2022\/09\/noxtext_logo.png\",\"width\":265,\"height\":33,\"caption\":\"Noxtex Group D\u0131\u015f Ticaret\"},\"image\":{\"@id\":\"https:\/\/www.noxtex.com.tr\/tr\/#\/schema\/logo\/image\/\"}}]}<\/script>\n<!-- \/ Yoast SEO plugin. -->","yoast_head_json":{"title":"Hakk\u0131m\u0131zda - NOXTEX \u0130\u00e7 D\u0131\u015f Tic. A.\u015e.","robots":{"index":"index","follow":"follow","max-snippet":"max-snippet:-1","max-image-preview":"max-image-preview:large","max-video-preview":"max-video-preview:-1"},"canonical":"https:\/\/www.noxtex.com.tr\/tr\/hakkimizda\/","og_locale":"tr_TR","og_type":"article","og_title":"Hakk\u0131m\u0131zda - NOXTEX \u0130\u00e7 D\u0131\u015f Tic. A.\u015e.","og_description":"[vc_row wrap_container=&#8221;yes&#8221; el_class=&#8221;custom-page-wrapper pt-5 container-lg-custom&#8221;][vc_column][vc_row_inner equal_height=&#8221;yes&#8221; content_placement=&#8221;middle&#8221; el_class=&#8221;align-items-center pt-5 mt-5&#8243; el_id=&#8221;start&#8221;][vc_column_inner el_class=&#8221;position-relative contact-desc pt-5&#8243;][vc_custom_heading text=&#8221;Yat\u0131r\u0131mlar\u0131n\u0131z\u0131 Stratejiyle B\u00fcy\u00fct\u00fcn&#8221; font_container=&#8221;tag:h3|font_size:2.75em|text_align:left|color:%23212529|line_height:1.2&#8243; use_theme_fonts=&#8221;yes&#8221; font_weight=&#8221;900&#8243; letter_spacing=&#8221;-.05em&#8221; animation_delay=&#8221;1700&#8243; animation_type=&#8221;fadeInUp&#8221; el_class=&#8221;mb-3&#8243;][vc_single_image image=&#8221;151&#8243; img_size=&#8221;full&#8221; animation_delay=&#8221;1900&#8243; el_class=&#8221;divider-img&#8221; animation_type=&#8221;fadeInUp&#8221; css=&#8221;.vc_custom_1609033851646{margin-bottom: 13px !important;}&#8221;][vc_custom_heading text=&#8221;1975 y\u0131l\u0131nda do\u011fan ve tekstil sekt\u00f6r\u00fcnde ticari ya\u015fam\u0131na ba\u015flayan Noxtex Grubu, d\u00fcnyaca \u00fcnl\u00fc markalar\u0131n lisans sahibi olarak \u00fcretimini ger\u00e7ekle\u015ftirmektedir. Tekstil, Plastik, Perakende, Gayrimenkul [&hellip;]","og_url":"https:\/\/www.noxtex.com.tr\/tr\/hakkimizda\/","og_site_name":"NOXTEX \u0130\u00e7 D\u0131\u015f Tic. A.\u015e.","article_modified_time":"2022-12-30T13:24:19+00:00","twitter_card":"summary_large_image","twitter_misc":{"Tahmini okuma s\u00fcresi":"3 dakika"},"schema":{"@context":"https:\/\/schema.org","@graph":[{"@type":"WebPage","@id":"https:\/\/www.noxtex.com.tr\/tr\/hakkimizda\/","url":"https:\/\/www.noxtex.com.tr\/tr\/hakkimizda\/","name":"Hakk\u0131m\u0131zda - NOXTEX \u0130\u00e7 D\u0131\u015f Tic. A.\u015e.","isPartOf":{"@id":"https:\/\/www.noxtex.com.tr\/tr\/#website"},"datePublished":"2022-12-09T11:17:37+00:00","dateModified":"2022-12-30T13:24:19+00:00","breadcrumb":{"@id":"https:\/\/www.noxtex.com.tr\/tr\/hakkimizda\/#breadcrumb"},"inLanguage":"tr","potentialAction":[{"@type":"ReadAction","target":["https:\/\/www.noxtex.com.tr\/tr\/hakkimizda\/"]}]},{"@type":"BreadcrumbList","@id":"https:\/\/www.noxtex.com.tr\/tr\/hakkimizda\/#breadcrumb","itemListElement":[{"@type":"ListItem","position":1,"name":"Anasayfa","item":"https:\/\/www.noxtex.com.tr\/tr\/"},{"@type":"ListItem","position":2,"name":"Hakk\u0131m\u0131zda"}]},{"@type":"WebSite","@id":"https:\/\/www.noxtex.com.tr\/tr\/#website","url":"https:\/\/www.noxtex.com.tr\/tr\/","name":"NOXTEX \u0130\u00e7 D\u0131\u015f Tic. A.\u015e.","description":"","publisher":{"@id":"https:\/\/www.noxtex.com.tr\/tr\/#organization"},"potentialAction":[{"@type":"SearchAction","target":{"@type":"EntryPoint","urlTemplate":"https:\/\/www.noxtex.com.tr\/tr\/?s={search_term_string}"},"query-input":"required name=search_term_string"}],"inLanguage":"tr"},{"@type":"Organization","@id":"https:\/\/www.noxtex.com.tr\/tr\/#organization","name":"Noxtex Group D\u0131\u015f Ticaret","url":"https:\/\/www.noxtex.com.tr\/tr\/","logo":{"@type":"ImageObject","inLanguage":"tr","@id":"https:\/\/www.noxtex.com.tr\/tr\/#\/schema\/logo\/image\/","url":"http:\/\/www.noxtex.com.tr\/wp-content\/uploads\/2022\/09\/noxtext_logo.png","contentUrl":"http:\/\/www.noxtex.com.tr\/wp-content\/uploads\/2022\/09\/noxtext_logo.png","width":265,"height":33,"caption":"Noxtex Group D\u0131\u015f Ticaret"},"image":{"@id":"https:\/\/www.noxtex.com.tr\/tr\/#\/schema\/logo\/image\/"}}]}},"_links":{"self":[{"href":"https:\/\/www.noxtex.com.tr\/tr\/wp-json\/wp\/v2\/pages\/5440","targetHints":{"allow":["GET"]}}],"collection":[{"href":"https:\/\/www.noxtex.com.tr\/tr\/wp-json\/wp\/v2\/pages"}],"about":[{"href":"https:\/\/www.noxtex.com.tr\/tr\/wp-json\/wp\/v2\/types\/page"}],"author":[{"embeddable":true,"href":"https:\/\/www.noxtex.com.tr\/tr\/wp-json\/wp\/v2\/users\/1"}],"replies":[{"embeddable":true,"href":"https:\/\/www.noxtex.com.tr\/tr\/wp-json\/wp\/v2\/comments?post=5440"}],"version-history":[{"count":4,"href":"https:\/\/www.noxtex.com.tr\/tr\/wp-json\/wp\/v2\/pages\/5440\/revisions"}],"predecessor-version":[{"id":5539,"href":"https:\/\/www.noxtex.com.tr\/tr\/wp-json\/wp\/v2\/pages\/5440\/revisions\/5539"}],"wp:attachment":[{"href":"https:\/\/www.noxtex.com.tr\/tr\/wp-json\/wp\/v2\/media?parent=5440"}],"curies":[{"name":"wp","href":"https:\/\/api.w.org\/{rel}","templated":true}]}}