{"id":4935,"date":"2022-09-14T14:00:22","date_gmt":"2022-09-14T11:00:22","guid":{"rendered":"http:\/\/localhost\/?page_id=4935"},"modified":"2022-12-30T16:29:51","modified_gmt":"2022-12-30T13:29:51","slug":"tekstil","status":"publish","type":"page","link":"https:\/\/www.noxtex.com.tr\/tr\/tekstil\/","title":{"rendered":"Tekstil"},"content":{"rendered":"<section class=\"wpb-content-wrapper\"><p>[vc_row el_class=&#8221;m-t-lg pt-2&#8243; css=&#8221;.vc_custom_1663157709391{padding-top: 110px !important;}&#8221; conditional_render=&#8221;%5B%7B%22value_role%22%3A%22administrator%22%7D%5D&#8221;][vc_column width=&#8221;1\/4&#8243; conditional_render=&#8221;%5B%7B%22value_role%22%3A%22administrator%22%7D%5D&#8221; css=&#8221;.vc_custom_1663789996403{margin-bottom: 40px !important;}&#8221;][vc_row_inner css=&#8221;.vc_custom_1650632454451{padding-right: 15px !important;padding-left: 15px !important;}&#8221;][vc_column_inner el_class=&#8221;card py-5 mb-5 box-shadow-1 custom-border-radius-1&#8243;]<div class=\"widget_sidebar_menu main-sidebar-menu font-primary  wpb_custom_fa56fd63c3b694fcdb3812eb30a338f1\"><div class=\"widget-title\">Di\u011fer Sekt\u00f6rler<\/div><div class=\"sidebar-menu-wrap\"><ul id=\"menu-services-sidebar-menu\" class=\"sidebar-menu\"><li id=\"nav-menu-item-4984\" class=\"menu-item menu-item-type-custom menu-item-object-custom  narrow \"><a href=\"\/tr\/tekstil\">Tekstil<\/a><\/li>\n<li id=\"nav-menu-item-4985\" class=\"menu-item menu-item-type-custom menu-item-object-custom  narrow \"><a href=\"\/tr\/plastik\">Plastik<\/a><\/li>\n<li id=\"nav-menu-item-4986\" class=\"menu-item menu-item-type-custom menu-item-object-custom  narrow \"><a href=\"\/tr\/perakende\">Perakende<\/a><\/li>\n<li id=\"nav-menu-item-4987\" class=\"menu-item menu-item-type-custom menu-item-object-custom  narrow \"><a href=\"\/tr\/gayrimenkul\">Gayrimenkul<\/a><\/li>\n<li id=\"nav-menu-item-4988\" class=\"menu-item menu-item-type-custom menu-item-object-custom  narrow \"><a href=\"\/tr\/gida\">G\u0131da<\/a><\/li>\n<\/ul><\/div><\/div>[\/vc_column_inner][vc_column_inner el_class=&#8221;custom-border-radius-1&#8243; css=&#8221;.vc_custom_1653531475449{padding-top: 3rem !important;padding-bottom: 3rem !important;background-color: #1c5fa8 !important;}&#8221;]<div class=\"porto-sicon-box custom-view-more mb-4 justify-content-center  wpb_custom_9e0ce6c24cd22e5bfe042e79939532fe style_1 default-icon\"><div class=\"porto-sicon-default\"><div class=\"porto-just-icon-wrapper porto-icon none\" style=\"color:#ffffff;font-size:36.8px;margin-right:0px;\"><i class=\"porto-icon-phone-1\"><\/i><\/div><\/div><div class=\"porto-sicon-header\"><h5 class=\"porto-sicon-title\" style=\"color:#ffffff;margin-bottom:4px;\">\u0130leti\u015fim<\/h5><p style=\"color:#ffffff;\">+90 212 999 61 80<\/p><\/div> <!-- header --><\/div><!-- porto-sicon-box -->[\/vc_column_inner][\/vc_row_inner][\/vc_column][vc_column width=&#8221;3\/4&#8243; conditional_render=&#8221;%5B%7B%22value_role%22%3A%22administrator%22%7D%5D&#8221;][vc_row_inner][vc_column_inner width=&#8221;5\/6&#8243; css=&#8221;.vc_custom_1663789955662{padding-right: 40px !important;padding-left: 40px !important;}&#8221;][vc_column_text el_id=&#8221;font-me&#8221;]Sahip oldu\u011fumuz d\u00fcnyaca \u00fcnl\u00fc markalar\u0131n lisanlar\u0131 ile tekstil sekt\u00f6r\u00fcnde \u00fcretim yap\u0131yoruz. Kuma\u015f, tasar\u0131mlar\u0131m\u0131zla hayat buluyor. Kreatif modellerimiz, tekstil sekt\u00f6r\u00fcnde yeni a\u00e7\u0131l\u0131mlar yarat\u0131rken, kalite \u00e7izgimizle fark yarat\u0131yoruz. \u0130lkbahar, Yaz, Sonbahar, K\u0131\u015f kreasyonlar\u0131m\u0131zla tekstil end\u00fcstrisinde \u00f6zg\u00fcn modeller yarat\u0131yoruz.[\/vc_column_text][\/vc_column_inner][vc_column_inner width=&#8221;1\/6&#8243;][vc_single_image image=&#8221;4710&#8243; alignment=&#8221;center&#8221;][\/vc_column_inner][\/vc_row_inner][vc_images_carousel images=&#8221;4732,5206,5207,5208&#8243; img_size=&#8221;1050&#215;640&#8243; onclick=&#8221;link_no&#8221; autoplay=&#8221;yes&#8221;][\/vc_column][\/vc_row]<\/p>\n<\/section>","protected":false},"excerpt":{"rendered":"<p>[vc_row el_class=&#8221;m-t-lg pt-2&#8243; css=&#8221;.vc_custom_1663157709391{padding-top: 110px !important;}&#8221; conditional_render=&#8221;%5B%7B%22value_role%22%3A%22administrator%22%7D%5D&#8221;][vc_column width=&#8221;1\/4&#8243; conditional_render=&#8221;%5B%7B%22value_role%22%3A%22administrator%22%7D%5D&#8221; css=&#8221;.vc_custom_1663789996403{margin-bottom: 40px !important;}&#8221;][vc_row_inner css=&#8221;.vc_custom_1650632454451{padding-right: 15px !important;padding-left: 15px !important;}&#8221;][vc_column_inner el_class=&#8221;card py-5 mb-5 box-shadow-1 custom-border-radius-1&#8243;][\/vc_column_inner][vc_column_inner el_class=&#8221;custom-border-radius-1&#8243; css=&#8221;.vc_custom_1653531475449{padding-top: 3rem !important;padding-bottom: 3rem !important;background-color: #1c5fa8 !important;}&#8221;][\/vc_column_inner][\/vc_row_inner][\/vc_column][vc_column width=&#8221;3\/4&#8243; conditional_render=&#8221;%5B%7B%22value_role%22%3A%22administrator%22%7D%5D&#8221;][vc_row_inner][vc_column_inner width=&#8221;5\/6&#8243; css=&#8221;.vc_custom_1663789955662{padding-right: 40px !important;padding-left: 40px !important;}&#8221;][vc_column_text el_id=&#8221;font-me&#8221;]Sahip oldu\u011fumuz d\u00fcnyaca \u00fcnl\u00fc markalar\u0131n lisanlar\u0131 ile tekstil sekt\u00f6r\u00fcnde \u00fcretim yap\u0131yoruz. Kuma\u015f, tasar\u0131mlar\u0131m\u0131zla hayat buluyor. Kreatif modellerimiz, [&hellip;]<\/p>\n","protected":false},"author":1,"featured_media":0,"parent":0,"menu_order":0,"comment_status":"closed","ping_status":"closed","template":"","meta":{"content-type":"","footnotes":""},"class_list":["post-4935","page","type-page","status-publish","hentry"],"yoast_head":"<!-- This site is optimized with the Yoast SEO plugin v19.11 - https:\/\/yoast.com\/wordpress\/plugins\/seo\/ -->\n<title>Tekstil - NOXTEX \u0130\u00e7 D\u0131\u015f Tic. A.\u015e.<\/title>\n<meta name=\"robots\" content=\"index, follow, max-snippet:-1, max-image-preview:large, max-video-preview:-1\" \/>\n<link rel=\"canonical\" href=\"https:\/\/www.noxtex.com.tr\/tr\/tekstil\/\" \/>\n<meta property=\"og:locale\" content=\"tr_TR\" \/>\n<meta property=\"og:type\" content=\"article\" \/>\n<meta property=\"og:title\" content=\"Tekstil - NOXTEX \u0130\u00e7 D\u0131\u015f Tic. A.\u015e.\" \/>\n<meta property=\"og:description\" content=\"[vc_row el_class=&#8221;m-t-lg pt-2&#8243; css=&#8221;.vc_custom_1663157709391{padding-top: 110px !important;}&#8221; conditional_render=&#8221;%5B%7B%22value_role%22%3A%22administrator%22%7D%5D&#8221;][vc_column width=&#8221;1\/4&#8243; conditional_render=&#8221;%5B%7B%22value_role%22%3A%22administrator%22%7D%5D&#8221; css=&#8221;.vc_custom_1663789996403{margin-bottom: 40px !important;}&#8221;][vc_row_inner css=&#8221;.vc_custom_1650632454451{padding-right: 15px !important;padding-left: 15px !important;}&#8221;][vc_column_inner el_class=&#8221;card py-5 mb-5 box-shadow-1 custom-border-radius-1&#8243;][\/vc_column_inner][vc_column_inner el_class=&#8221;custom-border-radius-1&#8243; css=&#8221;.vc_custom_1653531475449{padding-top: 3rem !important;padding-bottom: 3rem !important;background-color: #1c5fa8 !important;}&#8221;][\/vc_column_inner][\/vc_row_inner][\/vc_column][vc_column width=&#8221;3\/4&#8243; conditional_render=&#8221;%5B%7B%22value_role%22%3A%22administrator%22%7D%5D&#8221;][vc_row_inner][vc_column_inner width=&#8221;5\/6&#8243; css=&#8221;.vc_custom_1663789955662{padding-right: 40px !important;padding-left: 40px !important;}&#8221;][vc_column_text el_id=&#8221;font-me&#8221;]Sahip oldu\u011fumuz d\u00fcnyaca \u00fcnl\u00fc markalar\u0131n lisanlar\u0131 ile tekstil sekt\u00f6r\u00fcnde \u00fcretim yap\u0131yoruz. Kuma\u015f, tasar\u0131mlar\u0131m\u0131zla hayat buluyor. Kreatif modellerimiz, [&hellip;]\" \/>\n<meta property=\"og:url\" content=\"https:\/\/www.noxtex.com.tr\/tr\/tekstil\/\" \/>\n<meta property=\"og:site_name\" content=\"NOXTEX \u0130\u00e7 D\u0131\u015f Tic. A.\u015e.\" \/>\n<meta property=\"article:modified_time\" content=\"2022-12-30T13:29:51+00:00\" \/>\n<meta name=\"twitter:card\" content=\"summary_large_image\" \/>\n<meta name=\"twitter:label1\" content=\"Tahmini okuma s\u00fcresi\" \/>\n\t<meta name=\"twitter:data1\" content=\"1 dakika\" \/>\n<script type=\"application\/ld+json\" class=\"yoast-schema-graph\">{\"@context\":\"https:\/\/schema.org\",\"@graph\":[{\"@type\":\"WebPage\",\"@id\":\"https:\/\/www.noxtex.com.tr\/tr\/tekstil\/\",\"url\":\"https:\/\/www.noxtex.com.tr\/tr\/tekstil\/\",\"name\":\"Tekstil - NOXTEX \u0130\u00e7 D\u0131\u015f Tic. A.\u015e.\",\"isPartOf\":{\"@id\":\"https:\/\/www.noxtex.com.tr\/tr\/#website\"},\"datePublished\":\"2022-09-14T11:00:22+00:00\",\"dateModified\":\"2022-12-30T13:29:51+00:00\",\"breadcrumb\":{\"@id\":\"https:\/\/www.noxtex.com.tr\/tr\/tekstil\/#breadcrumb\"},\"inLanguage\":\"tr\",\"potentialAction\":[{\"@type\":\"ReadAction\",\"target\":[\"https:\/\/www.noxtex.com.tr\/tr\/tekstil\/\"]}]},{\"@type\":\"BreadcrumbList\",\"@id\":\"https:\/\/www.noxtex.com.tr\/tr\/tekstil\/#breadcrumb\",\"itemListElement\":[{\"@type\":\"ListItem\",\"position\":1,\"name\":\"Anasayfa\",\"item\":\"https:\/\/www.noxtex.com.tr\/tr\/\"},{\"@type\":\"ListItem\",\"position\":2,\"name\":\"Tekstil\"}]},{\"@type\":\"WebSite\",\"@id\":\"https:\/\/www.noxtex.com.tr\/tr\/#website\",\"url\":\"https:\/\/www.noxtex.com.tr\/tr\/\",\"name\":\"NOXTEX \u0130\u00e7 D\u0131\u015f Tic. A.\u015e.\",\"description\":\"\",\"publisher\":{\"@id\":\"https:\/\/www.noxtex.com.tr\/tr\/#organization\"},\"potentialAction\":[{\"@type\":\"SearchAction\",\"target\":{\"@type\":\"EntryPoint\",\"urlTemplate\":\"https:\/\/www.noxtex.com.tr\/tr\/?s={search_term_string}\"},\"query-input\":\"required name=search_term_string\"}],\"inLanguage\":\"tr\"},{\"@type\":\"Organization\",\"@id\":\"https:\/\/www.noxtex.com.tr\/tr\/#organization\",\"name\":\"Noxtex Group D\u0131\u015f Ticaret\",\"url\":\"https:\/\/www.noxtex.com.tr\/tr\/\",\"logo\":{\"@type\":\"ImageObject\",\"inLanguage\":\"tr\",\"@id\":\"https:\/\/www.noxtex.com.tr\/tr\/#\/schema\/logo\/image\/\",\"url\":\"http:\/\/www.noxtex.com.tr\/wp-content\/uploads\/2022\/09\/noxtext_logo.png\",\"contentUrl\":\"http:\/\/www.noxtex.com.tr\/wp-content\/uploads\/2022\/09\/noxtext_logo.png\",\"width\":265,\"height\":33,\"caption\":\"Noxtex Group D\u0131\u015f Ticaret\"},\"image\":{\"@id\":\"https:\/\/www.noxtex.com.tr\/tr\/#\/schema\/logo\/image\/\"}}]}<\/script>\n<!-- \/ Yoast SEO plugin. -->","yoast_head_json":{"title":"Tekstil - NOXTEX \u0130\u00e7 D\u0131\u015f Tic. A.\u015e.","robots":{"index":"index","follow":"follow","max-snippet":"max-snippet:-1","max-image-preview":"max-image-preview:large","max-video-preview":"max-video-preview:-1"},"canonical":"https:\/\/www.noxtex.com.tr\/tr\/tekstil\/","og_locale":"tr_TR","og_type":"article","og_title":"Tekstil - NOXTEX \u0130\u00e7 D\u0131\u015f Tic. A.\u015e.","og_description":"[vc_row el_class=&#8221;m-t-lg pt-2&#8243; css=&#8221;.vc_custom_1663157709391{padding-top: 110px !important;}&#8221; conditional_render=&#8221;%5B%7B%22value_role%22%3A%22administrator%22%7D%5D&#8221;][vc_column width=&#8221;1\/4&#8243; conditional_render=&#8221;%5B%7B%22value_role%22%3A%22administrator%22%7D%5D&#8221; css=&#8221;.vc_custom_1663789996403{margin-bottom: 40px !important;}&#8221;][vc_row_inner css=&#8221;.vc_custom_1650632454451{padding-right: 15px !important;padding-left: 15px !important;}&#8221;][vc_column_inner el_class=&#8221;card py-5 mb-5 box-shadow-1 custom-border-radius-1&#8243;][\/vc_column_inner][vc_column_inner el_class=&#8221;custom-border-radius-1&#8243; css=&#8221;.vc_custom_1653531475449{padding-top: 3rem !important;padding-bottom: 3rem !important;background-color: #1c5fa8 !important;}&#8221;][\/vc_column_inner][\/vc_row_inner][\/vc_column][vc_column width=&#8221;3\/4&#8243; conditional_render=&#8221;%5B%7B%22value_role%22%3A%22administrator%22%7D%5D&#8221;][vc_row_inner][vc_column_inner width=&#8221;5\/6&#8243; css=&#8221;.vc_custom_1663789955662{padding-right: 40px !important;padding-left: 40px !important;}&#8221;][vc_column_text el_id=&#8221;font-me&#8221;]Sahip oldu\u011fumuz d\u00fcnyaca \u00fcnl\u00fc markalar\u0131n lisanlar\u0131 ile tekstil sekt\u00f6r\u00fcnde \u00fcretim yap\u0131yoruz. Kuma\u015f, tasar\u0131mlar\u0131m\u0131zla hayat buluyor. Kreatif modellerimiz, [&hellip;]","og_url":"https:\/\/www.noxtex.com.tr\/tr\/tekstil\/","og_site_name":"NOXTEX \u0130\u00e7 D\u0131\u015f Tic. A.\u015e.","article_modified_time":"2022-12-30T13:29:51+00:00","twitter_card":"summary_large_image","twitter_misc":{"Tahmini okuma s\u00fcresi":"1 dakika"},"schema":{"@context":"https:\/\/schema.org","@graph":[{"@type":"WebPage","@id":"https:\/\/www.noxtex.com.tr\/tr\/tekstil\/","url":"https:\/\/www.noxtex.com.tr\/tr\/tekstil\/","name":"Tekstil - NOXTEX \u0130\u00e7 D\u0131\u015f Tic. A.\u015e.","isPartOf":{"@id":"https:\/\/www.noxtex.com.tr\/tr\/#website"},"datePublished":"2022-09-14T11:00:22+00:00","dateModified":"2022-12-30T13:29:51+00:00","breadcrumb":{"@id":"https:\/\/www.noxtex.com.tr\/tr\/tekstil\/#breadcrumb"},"inLanguage":"tr","potentialAction":[{"@type":"ReadAction","target":["https:\/\/www.noxtex.com.tr\/tr\/tekstil\/"]}]},{"@type":"BreadcrumbList","@id":"https:\/\/www.noxtex.com.tr\/tr\/tekstil\/#breadcrumb","itemListElement":[{"@type":"ListItem","position":1,"name":"Anasayfa","item":"https:\/\/www.noxtex.com.tr\/tr\/"},{"@type":"ListItem","position":2,"name":"Tekstil"}]},{"@type":"WebSite","@id":"https:\/\/www.noxtex.com.tr\/tr\/#website","url":"https:\/\/www.noxtex.com.tr\/tr\/","name":"NOXTEX \u0130\u00e7 D\u0131\u015f Tic. A.\u015e.","description":"","publisher":{"@id":"https:\/\/www.noxtex.com.tr\/tr\/#organization"},"potentialAction":[{"@type":"SearchAction","target":{"@type":"EntryPoint","urlTemplate":"https:\/\/www.noxtex.com.tr\/tr\/?s={search_term_string}"},"query-input":"required name=search_term_string"}],"inLanguage":"tr"},{"@type":"Organization","@id":"https:\/\/www.noxtex.com.tr\/tr\/#organization","name":"Noxtex Group D\u0131\u015f Ticaret","url":"https:\/\/www.noxtex.com.tr\/tr\/","logo":{"@type":"ImageObject","inLanguage":"tr","@id":"https:\/\/www.noxtex.com.tr\/tr\/#\/schema\/logo\/image\/","url":"http:\/\/www.noxtex.com.tr\/wp-content\/uploads\/2022\/09\/noxtext_logo.png","contentUrl":"http:\/\/www.noxtex.com.tr\/wp-content\/uploads\/2022\/09\/noxtext_logo.png","width":265,"height":33,"caption":"Noxtex Group D\u0131\u015f Ticaret"},"image":{"@id":"https:\/\/www.noxtex.com.tr\/tr\/#\/schema\/logo\/image\/"}}]}},"_links":{"self":[{"href":"https:\/\/www.noxtex.com.tr\/tr\/wp-json\/wp\/v2\/pages\/4935","targetHints":{"allow":["GET"]}}],"collection":[{"href":"https:\/\/www.noxtex.com.tr\/tr\/wp-json\/wp\/v2\/pages"}],"about":[{"href":"https:\/\/www.noxtex.com.tr\/tr\/wp-json\/wp\/v2\/types\/page"}],"author":[{"embeddable":true,"href":"https:\/\/www.noxtex.com.tr\/tr\/wp-json\/wp\/v2\/users\/1"}],"replies":[{"embeddable":true,"href":"https:\/\/www.noxtex.com.tr\/tr\/wp-json\/wp\/v2\/comments?post=4935"}],"version-history":[{"count":66,"href":"https:\/\/www.noxtex.com.tr\/tr\/wp-json\/wp\/v2\/pages\/4935\/revisions"}],"predecessor-version":[{"id":5444,"href":"https:\/\/www.noxtex.com.tr\/tr\/wp-json\/wp\/v2\/pages\/4935\/revisions\/5444"}],"wp:attachment":[{"href":"https:\/\/www.noxtex.com.tr\/tr\/wp-json\/wp\/v2\/media?parent=4935"}],"curies":[{"name":"wp","href":"https:\/\/api.w.org\/{rel}","templated":true}]}}