{"id":18,"date":"2020-12-14T02:35:28","date_gmt":"2020-12-14T02:35:28","guid":{"rendered":"http:\/\/sw-themes.com\/porto_dummy\/?page_id=18"},"modified":"2022-12-30T16:56:06","modified_gmt":"2022-12-30T13:56:06","slug":"iletisim","status":"publish","type":"page","link":"https:\/\/www.noxtex.com.tr\/tr\/iletisim\/","title":{"rendered":"\u0130leti\u015fim"},"content":{"rendered":"<section class=\"wpb-content-wrapper\"><p>[vc_row wrap_container=&#8221;yes&#8221; el_class=&#8221;spacer py-4 my-5&#8243;][vc_column][\/vc_column][\/vc_row][vc_row wrap_container=&#8221;yes&#8221; el_class=&#8221;custom-page-wrapper container-lg-custom py-5 mb-5 contact-page&#8221; conditional_render=&#8221;%5B%7B%22value_role%22%3A%22administrator%22%7D%5D&#8221;][vc_column el_class=&#8221;col-lg-6 contact-desc&#8221;]<div class=\"porto-ultimate-content-box-container position-absolute z-index-0 background-text\" data-appear-animation=\"fadeInRight\" data-appear-animation-delay=\"3000\"><style>#porto_ucb_2400{will-change: box-shadow;box-shadow: none;}#porto_ucb_2400:hover{box-shadow:none}<\/style><div class=\"porto-ultimate-content-box has-content-pos justify-content-center\" style=\"\" id=\"porto_ucb_2400\">[vc_custom_heading text=&#8221;NOXTEX&#8221; font_container=&#8221;tag:h2|font_size:9.2rem|text_align:left|color:%23212529|line_height:42px&#8221; use_theme_fonts=&#8221;yes&#8221; font_weight=&#8221;900&#8243; letter_spacing=&#8221;-.05em&#8221; animation_delay=&#8221;&#8221; el_class=&#8221;custom-stroke-text-effect-1 opacity-1 mb-0&#8243;]<\/div><\/div>[vc_custom_heading text=&#8221;YARDIM ETMEK \u0130\u00c7\u0130N BURADAYIZ&#8221; font_container=&#8221;tag:h2|font_size:1.2em|text_align:left|color:%23777777|line_height:1.3&#8243; use_theme_fonts=&#8221;yes&#8221; font_weight=&#8221;300&#8243; letter_spacing=&#8221;2.5px&#8221; animation_delay=&#8221;1500&#8243; el_class=&#8221;mb-2&#8243; animation_type=&#8221;fadeInUp&#8221;][vc_custom_heading text=&#8221;\u0130\u015e\u0130M\u0130Z\u0130N BA\u015eINDAYIZ&#8221; font_container=&#8221;tag:h3|font_size:2.75em|text_align:left|color:%23212529|line_height:1.2&#8243; use_theme_fonts=&#8221;yes&#8221; font_weight=&#8221;900&#8243; letter_spacing=&#8221;-.05em&#8221; animation_delay=&#8221;1700&#8243; el_class=&#8221;mb-4&#8243; animation_type=&#8221;fadeInUp&#8221;][vc_single_image image=&#8221;151&#8243; img_size=&#8221;full&#8221; animation_delay=&#8221;1900&#8243; el_class=&#8221;divider-img pt-2 mb-0&#8243; css=&#8221;.vc_custom_1609033874219{padding-bottom: 13px !important;}&#8221; animation_type=&#8221;fadeInUp&#8221;][vc_custom_heading text=&#8221;30 y\u0131l\u0131 a\u015fk\u0131n tecr\u00fcbesi, 300&#8217;e yak\u0131n sat\u0131\u015f noktas\u0131 ve 10 \u00fclkede 1000&#8217;in \u00fczerinde sat\u0131\u015f noktas\u0131yla.&#8221; font_container=&#8221;tag:p|font_size:1.5em|text_align:left|color:%23777777|line_height:1.4&#8243; use_theme_fonts=&#8221;yes&#8221; animation_delay=&#8221;2100&#8243; el_class=&#8221;ccustom-font3 mb-4 mt-2&#8243; animation_type=&#8221;fadeInUp&#8221;][vc_custom_heading text=&#8221;1975 y\u0131l\u0131nda \u0130srail\u2019de tekstil sekt\u00f6r\u00fcnde ticari ya\u015fam\u0131na ba\u015flayan Grubumuz , lisans sahibi oldu\u011fu d\u00fcnya markalar\u0131n\u0131n \u00fcretimini ileri teknoloji ile ger\u00e7ekle\u015ftirmektedir.&#8221; font_container=&#8221;tag:p|font_size:1.1em|text_align:left|color:%23777777|line_height:26px&#8221; use_theme_fonts=&#8221;yes&#8221; animation_delay=&#8221;2300&#8243; el_class=&#8221;pb-2 mb-5&#8243; animation_type=&#8221;fadeInUp&#8221;][vc_row_inner][vc_column_inner el_class=&#8221;col-lg-4&#8243; animation_delay=&#8221;2500&#8243; animation_type=&#8221;fadeInUp&#8221;]<div class=\"porto-u-heading mb-4 call  wpb_custom_95aa9a11c17ad45cfabaf210d84ee7cc porto-u-6337\"><div class=\"porto-u-main-heading\"><div   style=\"font-weight:700;color:#212529;font-size:1.1em;line-height:1.3;letter-spacing:-.05em;\">Sat\u0131\u015f<\/div><\/div><div class=\"porto-u-sub-heading\" style=\"font-weight:400;color: #777777;font-size:14px;line-height:26px;\"><a href=\"tel:902129996180\">(0212)\u00a0999 61 80<\/a><\/div><style>.porto-u-6337.porto-u-heading{text-align:left}<\/style><\/div><div class=\"porto-u-heading call  wpb_custom_95aa9a11c17ad45cfabaf210d84ee7cc porto-u-4328\"><div class=\"porto-u-main-heading\"><div   style=\"font-weight:700;color:#212529;font-size:1.1em;line-height:1.3;letter-spacing:-.05em;\">Muhasebe<\/div><\/div><div class=\"porto-u-sub-heading\" style=\"font-weight:400;color: #777777;font-size:14px;line-height:26px;\"><a href=\"tel:902129996180\">(0212)\u00a0999 61 80<\/a><\/div><style>.porto-u-4328.porto-u-heading{text-align:left}<\/style><\/div>[\/vc_column_inner][vc_column_inner el_class=&#8221;col-lg-4&#8243; animation_delay=&#8221;2700&#8243; animation_type=&#8221;fadeInUp&#8221;]<div class=\"porto-u-heading mt-4 mt-lg-0 mb-4  wpb_custom_95aa9a11c17ad45cfabaf210d84ee7cc porto-u-9566\"><div class=\"porto-u-main-heading\"><div   style=\"font-weight:700;color:#212529;font-size:1.1em;line-height:1.3;letter-spacing:-.05em;\">Adres<\/div><\/div><div class=\"porto-u-sub-heading\" style=\"font-weight:400;color: #777777;font-size:14px;line-height:26px;\">Bat\u0131\u015fehir , G\u00f6ztepe Mh. , K1 Plaza- No: 14 ,<br \/>\nBa\u011fc\u0131lar \/ \u0130stanbul<\/div><style>.porto-u-9566.porto-u-heading{text-align:left}<\/style><\/div><div class=\"porto-u-heading call  wpb_custom_95aa9a11c17ad45cfabaf210d84ee7cc porto-u-5545\"><div class=\"porto-u-main-heading\"><div   style=\"font-weight:700;color:#212529;font-size:1.1em;line-height:1.3;letter-spacing:-.05em;\">EMAIL<\/div><\/div><div class=\"porto-u-sub-heading\" style=\"font-weight:400;color: #777777;font-size:14px;line-height:26px;\"><a href=\"mailto:mail@example.com\">contact@noxtex.com.tr<\/a><\/div><style>.porto-u-5545.porto-u-heading{text-align:left}<\/style><\/div>[\/vc_column_inner][vc_column_inner el_class=&#8221;col-lg-4&#8243; animation_delay=&#8221;2900&#8243; animation_type=&#8221;fadeInUp&#8221;]<div class=\"porto-u-heading mt-4 mt-lg-0  wpb_custom_95aa9a11c17ad45cfabaf210d84ee7cc porto-u-6440\"><div class=\"porto-u-main-heading\"><div   style=\"font-weight:700;color:#212529;font-size:1.1em;line-height:1.3;letter-spacing:-.05em;\">\u00c7al\u0131\u015fma Saatleri<\/div><\/div><div class=\"porto-u-sub-heading\" style=\"font-weight:400;color: #777777;font-size:14px;line-height:26px;\">\n<div>\n<div>Pzt &#8211; Cuma = 09:00 &#8211; 18:00<\/div>\n<div>Cumartesi = 09:00 &#8211; 13:00<\/div>\n<div>Pazar = Kapal\u0131<\/div>\n<\/div>\n<p><\/div><style>.porto-u-6440.porto-u-heading{text-align:left}<\/style><\/div>[\/vc_column_inner][\/vc_row_inner][\/vc_column][vc_column el_class=&#8221;col-lg-6&#8243;][vc_custom_heading text=&#8221;Mesaj G\u00f6nderin&#8221; font_container=&#8221;tag:h3|font_size:2em|text_align:left|color:%23212529|line_height:1.2&#8243; use_theme_fonts=&#8221;yes&#8221; font_weight=&#8221;900&#8243; letter_spacing=&#8221;-0.05em&#8221; animation_delay=&#8221;2600&#8243; el_class=&#8221;mt-4 mb-4 pt-3&#8243; animation_type=&#8221;fadeInUp&#8221;]<div class=\"porto-ultimate-content-box-container custom-contact-form-style mb-0\" data-appear-animation=\"fadeInUp\" data-appear-animation-delay=\"2800\"><style>#porto_ucb_5834{will-change: box-shadow;box-shadow: none;}#porto_ucb_5834:hover{box-shadow:none}<\/style><div class=\"porto-ultimate-content-box has-content-pos justify-content-center\" style=\"\" id=\"porto_ucb_5834\"><div class=\"wpb_custom_76f073862f6231809c59cf4231d51594\"><div role=\"form\" class=\"wpcf7\" id=\"wpcf7-f652-o1\" lang=\"en-US\" dir=\"ltr\">\n<div class=\"screen-reader-response\"><p role=\"status\" aria-live=\"polite\" aria-atomic=\"true\"><\/p> <ul><\/ul><\/div>\n<form action=\"\/tr\/wp-json\/wp\/v2\/pages\/18#wpcf7-f652-o1\" method=\"post\" class=\"wpcf7-form init\" novalidate=\"novalidate\" data-status=\"init\">\n<div style=\"display: none;\">\n<input type=\"hidden\" name=\"_wpcf7\" value=\"652\" \/>\n<input type=\"hidden\" name=\"_wpcf7_version\" value=\"5.6.3\" \/>\n<input type=\"hidden\" name=\"_wpcf7_locale\" value=\"en_US\" \/>\n<input type=\"hidden\" name=\"_wpcf7_unit_tag\" value=\"wpcf7-f652-o1\" \/>\n<input type=\"hidden\" name=\"_wpcf7_container_post\" value=\"0\" \/>\n<input type=\"hidden\" name=\"_wpcf7_posted_data_hash\" value=\"\" \/>\n<\/div>\n<p><span class=\"wpcf7-form-control-wrap\" data-name=\"username\"><input type=\"text\" name=\"username\" value=\"\" size=\"40\" class=\"wpcf7-form-control wpcf7-text wpcf7-validates-as-required form-control mb-3\" aria-required=\"true\" aria-invalid=\"false\" placeholder=\"Name*\" \/><\/span><span class=\"wpcf7-form-control-wrap\" data-name=\"email-721\"><input type=\"email\" name=\"email-721\" value=\"\" size=\"40\" class=\"wpcf7-form-control wpcf7-text wpcf7-email wpcf7-validates-as-required wpcf7-validates-as-email form-control mb-3\" aria-required=\"true\" aria-invalid=\"false\" placeholder=\"E-Mail*\" \/><\/span><span class=\"wpcf7-form-control-wrap\" data-name=\"phonenumber\"><input type=\"text\" name=\"phonenumber\" value=\"\" size=\"40\" class=\"wpcf7-form-control wpcf7-text wpcf7-validates-as-required form-control mb-3\" aria-required=\"true\" aria-invalid=\"false\" placeholder=\"Phone*\" \/><\/span><span class=\"wpcf7-form-control-wrap\" data-name=\"textarea-809\"><textarea name=\"textarea-809\" cols=\"40\" rows=\"10\" class=\"wpcf7-form-control wpcf7-textarea wpcf7-validates-as-required form-control mb-4\" aria-required=\"true\" aria-invalid=\"false\" placeholder=\"Message*\"><\/textarea><\/span><button type=\"submit\" class=\"btn btn-primary custom-btn-style-1 px-5 py-3\">Send<\/button><\/p>\n<div class=\"wpcf7-response-output\" aria-hidden=\"true\"><\/div><\/form><\/div><\/div><\/div><\/div>[\/vc_column][\/vc_row][vc_row el_class=&#8221;mb-0 mapheight&#8221; css=&#8221;.vc_custom_1672408443850{margin-top: 50px !important;}&#8221; conditional_render=&#8221;%5B%7B%22value_role%22%3A%22administrator%22%7D%5D&#8221;][vc_column conditional_render=&#8221;%5B%7B%22value_role%22%3A%22administrator%22%7D%5D&#8221;][vc_raw_html]JTNDaWZyYW1lJTIwc3JjJTNEJTIyaHR0cHMlM0ElMkYlMkZ3d3cuZ29vZ2xlLmNvbSUyRm1hcHMlMkZlbWJlZCUzRnBiJTNEJTIxMW0xNCUyMTFtOCUyMTFtMyUyMTFkMTIwMzMuMTgwNjc1NjQyMDAzJTIxMmQyOC44NDI2MTE1JTIxM2Q0MS4wNjI1NDAyJTIxM20yJTIxMWkxMDI0JTIxMmk3NjglMjE0ZjEzLjElMjEzbTMlMjExbTIlMjExczB4MCUyNTNBMHg5ZjdmMDA0NjA4ZjhjOTE4JTIxMnpUazlZVkVWWUlNU3d3NmNnUk1TeHhaOGdWR2xqTGlCQkxzV2VMZyUyMTVlMCUyMTNtMiUyMTFzdHIlMjEyc3RyJTIxNHYxNjYyOTEzNjIyMDU5JTIxNW0yJTIxMXN0ciUyMTJzdHIlMjIlMjB3aWR0aCUzRCUyMjEwMCUyNSUyMiUyMGhlaWdodCUzRCUyMjUwMCUyMiUyMHN0eWxlJTNEJTIyYm9yZGVyJTNBMCUzQiUyMiUyMGFsbG93ZnVsbHNjcmVlbiUzRCUyMiUyMiUyMGxvYWRpbmclM0QlMjJsYXp5JTIyJTIwcmVmZXJyZXJwb2xpY3klM0QlMjJuby1yZWZlcnJlci13aGVuLWRvd25ncmFkZSUyMiUzRSUzQyUyRmlmcmFtZSUzRQ==[\/vc_raw_html][\/vc_column][\/vc_row]<\/p>\n<\/section>","protected":false},"excerpt":{"rendered":"<p>[vc_row wrap_container=&#8221;yes&#8221; el_class=&#8221;spacer py-4 my-5&#8243;][vc_column][\/vc_column][\/vc_row][vc_row wrap_container=&#8221;yes&#8221; el_class=&#8221;custom-page-wrapper container-lg-custom py-5 mb-5 contact-page&#8221; conditional_render=&#8221;%5B%7B%22value_role%22%3A%22administrator%22%7D%5D&#8221;][vc_column el_class=&#8221;col-lg-6 contact-desc&#8221;][vc_custom_heading text=&#8221;YARDIM ETMEK \u0130\u00c7\u0130N BURADAYIZ&#8221; font_container=&#8221;tag:h2|font_size:1.2em|text_align:left|color:%23777777|line_height:1.3&#8243; use_theme_fonts=&#8221;yes&#8221; font_weight=&#8221;300&#8243; letter_spacing=&#8221;2.5px&#8221; animation_delay=&#8221;1500&#8243; el_class=&#8221;mb-2&#8243; animation_type=&#8221;fadeInUp&#8221;][vc_custom_heading text=&#8221;\u0130\u015e\u0130M\u0130Z\u0130N BA\u015eINDAYIZ&#8221; font_container=&#8221;tag:h3|font_size:2.75em|text_align:left|color:%23212529|line_height:1.2&#8243; use_theme_fonts=&#8221;yes&#8221; font_weight=&#8221;900&#8243; letter_spacing=&#8221;-.05em&#8221; animation_delay=&#8221;1700&#8243; el_class=&#8221;mb-4&#8243; animation_type=&#8221;fadeInUp&#8221;][vc_single_image image=&#8221;151&#8243; img_size=&#8221;full&#8221; animation_delay=&#8221;1900&#8243; el_class=&#8221;divider-img pt-2 mb-0&#8243; css=&#8221;.vc_custom_1609033874219{padding-bottom: 13px !important;}&#8221; animation_type=&#8221;fadeInUp&#8221;][vc_custom_heading text=&#8221;30 y\u0131l\u0131 a\u015fk\u0131n tecr\u00fcbesi, 300&#8217;e yak\u0131n sat\u0131\u015f noktas\u0131 ve 10 \u00fclkede [&hellip;]<\/p>\n","protected":false},"author":1,"featured_media":0,"parent":0,"menu_order":0,"comment_status":"closed","ping_status":"closed","template":"","meta":{"content-type":"","footnotes":""},"class_list":["post-18","page","type-page","status-publish","hentry"],"yoast_head":"<!-- This site is optimized with the Yoast SEO plugin v19.11 - https:\/\/yoast.com\/wordpress\/plugins\/seo\/ -->\n<title>\u0130leti\u015fim - NOXTEX \u0130\u00e7 D\u0131\u015f Tic. A.\u015e.<\/title>\n<meta name=\"robots\" content=\"index, follow, max-snippet:-1, max-image-preview:large, max-video-preview:-1\" \/>\n<link rel=\"canonical\" href=\"https:\/\/www.noxtex.com.tr\/tr\/iletisim\/\" \/>\n<meta property=\"og:locale\" content=\"tr_TR\" \/>\n<meta property=\"og:type\" content=\"article\" \/>\n<meta property=\"og:title\" content=\"\u0130leti\u015fim - NOXTEX \u0130\u00e7 D\u0131\u015f Tic. A.\u015e.\" \/>\n<meta property=\"og:description\" content=\"[vc_row wrap_container=&#8221;yes&#8221; el_class=&#8221;spacer py-4 my-5&#8243;][vc_column][\/vc_column][\/vc_row][vc_row wrap_container=&#8221;yes&#8221; el_class=&#8221;custom-page-wrapper container-lg-custom py-5 mb-5 contact-page&#8221; conditional_render=&#8221;%5B%7B%22value_role%22%3A%22administrator%22%7D%5D&#8221;][vc_column el_class=&#8221;col-lg-6 contact-desc&#8221;][vc_custom_heading text=&#8221;YARDIM ETMEK \u0130\u00c7\u0130N BURADAYIZ&#8221; font_container=&#8221;tag:h2|font_size:1.2em|text_align:left|color:%23777777|line_height:1.3&#8243; use_theme_fonts=&#8221;yes&#8221; font_weight=&#8221;300&#8243; letter_spacing=&#8221;2.5px&#8221; animation_delay=&#8221;1500&#8243; el_class=&#8221;mb-2&#8243; animation_type=&#8221;fadeInUp&#8221;][vc_custom_heading text=&#8221;\u0130\u015e\u0130M\u0130Z\u0130N BA\u015eINDAYIZ&#8221; font_container=&#8221;tag:h3|font_size:2.75em|text_align:left|color:%23212529|line_height:1.2&#8243; use_theme_fonts=&#8221;yes&#8221; font_weight=&#8221;900&#8243; letter_spacing=&#8221;-.05em&#8221; animation_delay=&#8221;1700&#8243; el_class=&#8221;mb-4&#8243; animation_type=&#8221;fadeInUp&#8221;][vc_single_image image=&#8221;151&#8243; img_size=&#8221;full&#8221; animation_delay=&#8221;1900&#8243; el_class=&#8221;divider-img pt-2 mb-0&#8243; css=&#8221;.vc_custom_1609033874219{padding-bottom: 13px !important;}&#8221; animation_type=&#8221;fadeInUp&#8221;][vc_custom_heading text=&#8221;30 y\u0131l\u0131 a\u015fk\u0131n tecr\u00fcbesi, 300&#8217;e yak\u0131n sat\u0131\u015f noktas\u0131 ve 10 \u00fclkede [&hellip;]\" \/>\n<meta property=\"og:url\" content=\"https:\/\/www.noxtex.com.tr\/tr\/iletisim\/\" \/>\n<meta property=\"og:site_name\" content=\"NOXTEX \u0130\u00e7 D\u0131\u015f Tic. A.\u015e.\" \/>\n<meta property=\"article:modified_time\" content=\"2022-12-30T13:56:06+00:00\" \/>\n<meta name=\"twitter:card\" content=\"summary_large_image\" \/>\n<meta name=\"twitter:label1\" content=\"Tahmini okuma s\u00fcresi\" \/>\n\t<meta name=\"twitter:data1\" content=\"2 dakika\" \/>\n<script type=\"application\/ld+json\" class=\"yoast-schema-graph\">{\"@context\":\"https:\/\/schema.org\",\"@graph\":[{\"@type\":\"WebPage\",\"@id\":\"https:\/\/www.noxtex.com.tr\/tr\/iletisim\/\",\"url\":\"https:\/\/www.noxtex.com.tr\/tr\/iletisim\/\",\"name\":\"\u0130leti\u015fim - NOXTEX \u0130\u00e7 D\u0131\u015f Tic. A.\u015e.\",\"isPartOf\":{\"@id\":\"https:\/\/www.noxtex.com.tr\/tr\/#website\"},\"datePublished\":\"2020-12-14T02:35:28+00:00\",\"dateModified\":\"2022-12-30T13:56:06+00:00\",\"breadcrumb\":{\"@id\":\"https:\/\/www.noxtex.com.tr\/tr\/iletisim\/#breadcrumb\"},\"inLanguage\":\"tr\",\"potentialAction\":[{\"@type\":\"ReadAction\",\"target\":[\"https:\/\/www.noxtex.com.tr\/tr\/iletisim\/\"]}]},{\"@type\":\"BreadcrumbList\",\"@id\":\"https:\/\/www.noxtex.com.tr\/tr\/iletisim\/#breadcrumb\",\"itemListElement\":[{\"@type\":\"ListItem\",\"position\":1,\"name\":\"Anasayfa\",\"item\":\"https:\/\/www.noxtex.com.tr\/tr\/\"},{\"@type\":\"ListItem\",\"position\":2,\"name\":\"\u0130leti\u015fim\"}]},{\"@type\":\"WebSite\",\"@id\":\"https:\/\/www.noxtex.com.tr\/tr\/#website\",\"url\":\"https:\/\/www.noxtex.com.tr\/tr\/\",\"name\":\"NOXTEX \u0130\u00e7 D\u0131\u015f Tic. A.\u015e.\",\"description\":\"\",\"publisher\":{\"@id\":\"https:\/\/www.noxtex.com.tr\/tr\/#organization\"},\"potentialAction\":[{\"@type\":\"SearchAction\",\"target\":{\"@type\":\"EntryPoint\",\"urlTemplate\":\"https:\/\/www.noxtex.com.tr\/tr\/?s={search_term_string}\"},\"query-input\":\"required name=search_term_string\"}],\"inLanguage\":\"tr\"},{\"@type\":\"Organization\",\"@id\":\"https:\/\/www.noxtex.com.tr\/tr\/#organization\",\"name\":\"Noxtex Group D\u0131\u015f Ticaret\",\"url\":\"https:\/\/www.noxtex.com.tr\/tr\/\",\"logo\":{\"@type\":\"ImageObject\",\"inLanguage\":\"tr\",\"@id\":\"https:\/\/www.noxtex.com.tr\/tr\/#\/schema\/logo\/image\/\",\"url\":\"http:\/\/www.noxtex.com.tr\/wp-content\/uploads\/2022\/09\/noxtext_logo.png\",\"contentUrl\":\"http:\/\/www.noxtex.com.tr\/wp-content\/uploads\/2022\/09\/noxtext_logo.png\",\"width\":265,\"height\":33,\"caption\":\"Noxtex Group D\u0131\u015f Ticaret\"},\"image\":{\"@id\":\"https:\/\/www.noxtex.com.tr\/tr\/#\/schema\/logo\/image\/\"}}]}<\/script>\n<!-- \/ Yoast SEO plugin. -->","yoast_head_json":{"title":"\u0130leti\u015fim - NOXTEX \u0130\u00e7 D\u0131\u015f Tic. A.\u015e.","robots":{"index":"index","follow":"follow","max-snippet":"max-snippet:-1","max-image-preview":"max-image-preview:large","max-video-preview":"max-video-preview:-1"},"canonical":"https:\/\/www.noxtex.com.tr\/tr\/iletisim\/","og_locale":"tr_TR","og_type":"article","og_title":"\u0130leti\u015fim - NOXTEX \u0130\u00e7 D\u0131\u015f Tic. A.\u015e.","og_description":"[vc_row wrap_container=&#8221;yes&#8221; el_class=&#8221;spacer py-4 my-5&#8243;][vc_column][\/vc_column][\/vc_row][vc_row wrap_container=&#8221;yes&#8221; el_class=&#8221;custom-page-wrapper container-lg-custom py-5 mb-5 contact-page&#8221; conditional_render=&#8221;%5B%7B%22value_role%22%3A%22administrator%22%7D%5D&#8221;][vc_column el_class=&#8221;col-lg-6 contact-desc&#8221;][vc_custom_heading text=&#8221;YARDIM ETMEK \u0130\u00c7\u0130N BURADAYIZ&#8221; font_container=&#8221;tag:h2|font_size:1.2em|text_align:left|color:%23777777|line_height:1.3&#8243; use_theme_fonts=&#8221;yes&#8221; font_weight=&#8221;300&#8243; letter_spacing=&#8221;2.5px&#8221; animation_delay=&#8221;1500&#8243; el_class=&#8221;mb-2&#8243; animation_type=&#8221;fadeInUp&#8221;][vc_custom_heading text=&#8221;\u0130\u015e\u0130M\u0130Z\u0130N BA\u015eINDAYIZ&#8221; font_container=&#8221;tag:h3|font_size:2.75em|text_align:left|color:%23212529|line_height:1.2&#8243; use_theme_fonts=&#8221;yes&#8221; font_weight=&#8221;900&#8243; letter_spacing=&#8221;-.05em&#8221; animation_delay=&#8221;1700&#8243; el_class=&#8221;mb-4&#8243; animation_type=&#8221;fadeInUp&#8221;][vc_single_image image=&#8221;151&#8243; img_size=&#8221;full&#8221; animation_delay=&#8221;1900&#8243; el_class=&#8221;divider-img pt-2 mb-0&#8243; css=&#8221;.vc_custom_1609033874219{padding-bottom: 13px !important;}&#8221; animation_type=&#8221;fadeInUp&#8221;][vc_custom_heading text=&#8221;30 y\u0131l\u0131 a\u015fk\u0131n tecr\u00fcbesi, 300&#8217;e yak\u0131n sat\u0131\u015f noktas\u0131 ve 10 \u00fclkede [&hellip;]","og_url":"https:\/\/www.noxtex.com.tr\/tr\/iletisim\/","og_site_name":"NOXTEX \u0130\u00e7 D\u0131\u015f Tic. A.\u015e.","article_modified_time":"2022-12-30T13:56:06+00:00","twitter_card":"summary_large_image","twitter_misc":{"Tahmini okuma s\u00fcresi":"2 dakika"},"schema":{"@context":"https:\/\/schema.org","@graph":[{"@type":"WebPage","@id":"https:\/\/www.noxtex.com.tr\/tr\/iletisim\/","url":"https:\/\/www.noxtex.com.tr\/tr\/iletisim\/","name":"\u0130leti\u015fim - NOXTEX \u0130\u00e7 D\u0131\u015f Tic. A.\u015e.","isPartOf":{"@id":"https:\/\/www.noxtex.com.tr\/tr\/#website"},"datePublished":"2020-12-14T02:35:28+00:00","dateModified":"2022-12-30T13:56:06+00:00","breadcrumb":{"@id":"https:\/\/www.noxtex.com.tr\/tr\/iletisim\/#breadcrumb"},"inLanguage":"tr","potentialAction":[{"@type":"ReadAction","target":["https:\/\/www.noxtex.com.tr\/tr\/iletisim\/"]}]},{"@type":"BreadcrumbList","@id":"https:\/\/www.noxtex.com.tr\/tr\/iletisim\/#breadcrumb","itemListElement":[{"@type":"ListItem","position":1,"name":"Anasayfa","item":"https:\/\/www.noxtex.com.tr\/tr\/"},{"@type":"ListItem","position":2,"name":"\u0130leti\u015fim"}]},{"@type":"WebSite","@id":"https:\/\/www.noxtex.com.tr\/tr\/#website","url":"https:\/\/www.noxtex.com.tr\/tr\/","name":"NOXTEX \u0130\u00e7 D\u0131\u015f Tic. A.\u015e.","description":"","publisher":{"@id":"https:\/\/www.noxtex.com.tr\/tr\/#organization"},"potentialAction":[{"@type":"SearchAction","target":{"@type":"EntryPoint","urlTemplate":"https:\/\/www.noxtex.com.tr\/tr\/?s={search_term_string}"},"query-input":"required name=search_term_string"}],"inLanguage":"tr"},{"@type":"Organization","@id":"https:\/\/www.noxtex.com.tr\/tr\/#organization","name":"Noxtex Group D\u0131\u015f Ticaret","url":"https:\/\/www.noxtex.com.tr\/tr\/","logo":{"@type":"ImageObject","inLanguage":"tr","@id":"https:\/\/www.noxtex.com.tr\/tr\/#\/schema\/logo\/image\/","url":"http:\/\/www.noxtex.com.tr\/wp-content\/uploads\/2022\/09\/noxtext_logo.png","contentUrl":"http:\/\/www.noxtex.com.tr\/wp-content\/uploads\/2022\/09\/noxtext_logo.png","width":265,"height":33,"caption":"Noxtex Group D\u0131\u015f Ticaret"},"image":{"@id":"https:\/\/www.noxtex.com.tr\/tr\/#\/schema\/logo\/image\/"}}]}},"_links":{"self":[{"href":"https:\/\/www.noxtex.com.tr\/tr\/wp-json\/wp\/v2\/pages\/18","targetHints":{"allow":["GET"]}}],"collection":[{"href":"https:\/\/www.noxtex.com.tr\/tr\/wp-json\/wp\/v2\/pages"}],"about":[{"href":"https:\/\/www.noxtex.com.tr\/tr\/wp-json\/wp\/v2\/types\/page"}],"author":[{"embeddable":true,"href":"https:\/\/www.noxtex.com.tr\/tr\/wp-json\/wp\/v2\/users\/1"}],"replies":[{"embeddable":true,"href":"https:\/\/www.noxtex.com.tr\/tr\/wp-json\/wp\/v2\/comments?post=18"}],"version-history":[{"count":37,"href":"https:\/\/www.noxtex.com.tr\/tr\/wp-json\/wp\/v2\/pages\/18\/revisions"}],"predecessor-version":[{"id":5557,"href":"https:\/\/www.noxtex.com.tr\/tr\/wp-json\/wp\/v2\/pages\/18\/revisions\/5557"}],"wp:attachment":[{"href":"https:\/\/www.noxtex.com.tr\/tr\/wp-json\/wp\/v2\/media?parent=18"}],"curies":[{"name":"wp","href":"https:\/\/api.w.org\/{rel}","templated":true}]}}